{"id":1551,"date":"2022-12-21T13:14:02","date_gmt":"2022-12-21T13:14:02","guid":{"rendered":"https:\/\/deltaunited.me\/?page_id=1551"},"modified":"2023-12-30T12:34:56","modified_gmt":"2023-12-30T12:34:56","slug":"news","status":"publish","type":"page","link":"https:\/\/kbm.ly\/fr\/news\/","title":{"rendered":"News"},"content":{"rendered":"<div class=\"wpb-content-wrapper\"><p>[vc_row full_width=&#8221;stretch_row&#8221; css=&#8221;.vc_custom_1703939689406{background-image: url(https:\/\/kbm.ly\/fr\/wp-content\/uploads\/2023\/02\/123.jpg?id=1890) !important;background-position: center !important;background-repeat: no-repeat !important;background-size: cover !important;border-radius: 0px 0px 150px 0px !important;}&#8221;][vc_column]<div class=\"cz_gap clr  hide_on_mobile\" style=\"height: 100px\"><\/div><div class=\"cz_gap show_on_mobile clr\" style=\"height: 70px\"><\/div><div id=\"cz_103799\" class=\"cz_103799 cz_title clr cz_title_pos_inline\"><div class=\"cz_title_content\"><div class=\"cz_wpe_content\"><h1 style=\"text-align: left;\"><span style=\"color: #ffffff;\">News<\/span><\/h1>\n<\/div><\/div><\/div><div class=\"cz_gap clr  hide_on_mobile\" style=\"height: 100px\"><\/div><div class=\"cz_gap show_on_mobile clr\" style=\"height: 70px\"><\/div>[\/vc_column][\/vc_row][vc_row full_width=&#8221;stretch_row&#8221;][vc_column]<div class=\"cz_gap clr \" style=\"height: 90px\"><\/div><div id=\"cz_22284\" class=\"cz_22284\"><div class=\"cz_grid cz_grid_1 clr cz_grid_c3 cz_grid_1_title_sub_after cz_grid_1_has_excerpt cz_grid_1_bot tar cz_grid_1_sub_after_ex\" data-gap=\"20\" data-atts='{\"action\":\"cz_ajax_posts\",\"post_class\":\"cz_grid_item\",\"post__in\":null,\"author__in\":null,\"nonce\":\"3caeac0488\",\"nonce_id\":\"cz_22284\",\"loadmore_end\":\"There is no news\",\"layout\":\"cz_grid_c3\",\"hover\":\"cz_grid_1_title_sub_after cz_grid_1_has_excerpt\",\"image_size\":\"425x319\",\"subtitles\":\"%5B%7B%22t%22%3A%22date%22%2C%22r%22%3A%22cz_post_data_r%22%2C%22i%22%3A%22fa%20czico-039-clock-2%22%7D%2C%7B%22t%22%3A%22cats%22%2C%22i%22%3A%22fa%20czico-058-menu-7%22%7D%5D\",\"subtitle_pos\":\"cz_grid_1_sub_after_ex\",\"icon\":\"fa czico-063-menu-2\",\"el\":\"15\",\"title_lenght\":\"9\",\"cat_tax\":\"category\",\"cat\":\"\",\"cat_exclude\":\"\",\"tag_tax\":\"post_tag\",\"tag_id\":\"\",\"tag_exclude\":\"\",\"post_type\":\"post\",\"posts_per_page\":\"9\",\"order\":\"DESC\",\"orderby\":\"date\",\"tilt_data\":null,\"svg_sizes\":[\"0\",\"0\"],\"img_fx\":\"\",\"custom_size\":\"425x319\",\"excerpt_rm\":\"true\",\"title_tag\":\"h3\",\"s\":\"\"}'><div class=\"cz_grid_item cz_grid_first\"><\/div><div data-id=\"2469\" class=\"cz_grid_item  cz_posts_list_even post-2469 post type-post status-publish format-gallery has-post-thumbnail hentry category---en post_format-post-format-gallery\"><div class=\"clr\"><a class=\"cz_grid_link\" href=\"https:\/\/kbm.ly\/fr\/2026\/01\/27\/ceremonie-annuelle-de-reconnaissance-des-employes-2025-2026\/\" title=\"C\u00e9r\u00e9monie Annuelle de Reconnaissance des Employ\u00e9s 2025-2026\"><img decoding=\"async\" class=\"\" src=\"data:image\/svg+xml,%3Csvg%20xmlns%3D&#39;http%3A%2F%2Fwww.w3.org%2F2000%2Fsvg&#39;%20width=&#39;425&#39;%20height=&#39;319&#39;%20viewBox%3D&#39;0%200%20425%20319&#39;%2F%3E\" data-czlz data-src=\"https:\/\/kbm.ly\/fr\/wp-content\/uploads\/2026\/01\/681651-425x319.png\" width=\"425\" height=\"319\" alt=\"681651\" title=\"681651\" loading=\"lazy\" \/><div class=\"cz_grid_details\"><i class=\"fa czico-063-menu-2 cz_grid_icon\"><\/i><\/div><\/a><div class=\"cz_grid_details cz_grid_details_outside\"><a class=\"cz_grid_title\" href=\"https:\/\/kbm.ly\/fr\/2026\/01\/27\/ceremonie-annuelle-de-reconnaissance-des-employes-2025-2026\/\"><h3>C\u00e9r\u00e9monie Annuelle de Reconnaissance des Employ\u00e9s 2025-2026<\/h3><\/a><div class=\"cz_post_excerpt\">Valoriser les efforts et se pr\u00e9parer \u00e0 une ann\u00e9e 2026 plus performante Dans une ambiance ...<a class=\"cz_readmore\" href=\"https:\/\/kbm.ly\/fr\/2026\/01\/27\/ceremonie-annuelle-de-reconnaissance-des-employes-2025-2026\/\"><i class=\"fa czico-056-menu-8\" aria-hidden=\"true\"><\/i><span>Read More<\/span><\/a><\/div><small class=\"clr\"><span class=\"cz_post_data cz_data_date cz_post_data_r\"><i class=\"cz_sub_icon mr8 fa fa czico-039-clock-2\"><\/i><a href=\"https:\/\/kbm.ly\/fr\/2026\/01\/27\/ceremonie-annuelle-de-reconnaissance-des-employes-2025-2026\/\">January 27, 2026<\/a><\/span><span class=\"cz_post_data cz_data_cats\"><i class=\"cz_sub_icon mr8 fa fa czico-058-menu-7\"><\/i><a href=\"https:\/\/kbm.ly\/fr\/category\/%d8%ba%d9%8a%d8%b1-%d9%85%d8%b5%d9%86%d9%81-en\/\" rel=\"tag\">\u063a\u064a\u0631 \u0645\u0635\u0646\u0641<\/a><\/span><\/small><\/div><\/div><\/div><div data-id=\"2459\" class=\"cz_grid_item  cz_posts_list_odd post-2459 post type-post status-publish format-standard has-post-thumbnail hentry category-news\"><div class=\"clr\"><a class=\"cz_grid_link\" href=\"https:\/\/kbm.ly\/fr\/2025\/07\/02\/polpo-au-salon-africa-build-show-ghana-2025-3e-edition\/\" title=\"POLPO au salon Africa Build Show \u2013 Ghana 2025 \u2013 3e \u00e9dition\"><img decoding=\"async\" class=\"\" src=\"data:image\/svg+xml,%3Csvg%20xmlns%3D&#39;http%3A%2F%2Fwww.w3.org%2F2000%2Fsvg&#39;%20width=&#39;425&#39;%20height=&#39;319&#39;%20viewBox%3D&#39;0%200%20425%20319&#39;%2F%3E\" data-czlz data-src=\"https:\/\/kbm.ly\/fr\/wp-content\/uploads\/2025\/07\/\u0645\u0639\u0631\u0636-\u063a\u0627\u0646\u0627-2025-WEBSITE-425x319.jpg\" width=\"425\" height=\"319\" alt=\"\u0645\u0639\u0631\u0636 \u063a\u0627\u0646\u0627 2025 WEBSITE\" title=\"\u0645\u0639\u0631\u0636 \u063a\u0627\u0646\u0627 2025 WEBSITE\" loading=\"lazy\" \/><div class=\"cz_grid_details\"><i class=\"fa czico-063-menu-2 cz_grid_icon\"><\/i><\/div><\/a><div class=\"cz_grid_details cz_grid_details_outside\"><a class=\"cz_grid_title\" href=\"https:\/\/kbm.ly\/fr\/2025\/07\/02\/polpo-au-salon-africa-build-show-ghana-2025-3e-edition\/\"><h3>POLPO au salon Africa Build Show \u2013 Ghana 2025 \u2013 3e ...<\/h3><\/a><div class=\"cz_post_excerpt\">[vc_row][vc_column][vc_column_text]Du 2 au 4 juillet 2025, POLPO a pr\u00e9sent\u00e9 ses derni\u00e8res innovations ...<a class=\"cz_readmore\" href=\"https:\/\/kbm.ly\/fr\/2025\/07\/02\/polpo-au-salon-africa-build-show-ghana-2025-3e-edition\/\"><i class=\"fa czico-056-menu-8\" aria-hidden=\"true\"><\/i><span>Read More<\/span><\/a><\/div><small class=\"clr\"><span class=\"cz_post_data cz_data_date cz_post_data_r\"><i class=\"cz_sub_icon mr8 fa fa czico-039-clock-2\"><\/i><a href=\"https:\/\/kbm.ly\/fr\/2025\/07\/02\/polpo-au-salon-africa-build-show-ghana-2025-3e-edition\/\">July 2, 2025<\/a><\/span><span class=\"cz_post_data cz_data_cats\"><i class=\"cz_sub_icon mr8 fa fa czico-058-menu-7\"><\/i><a href=\"https:\/\/kbm.ly\/fr\/category\/news\/\" rel=\"tag\">News<\/a><\/span><\/small><\/div><\/div><\/div><div data-id=\"2313\" class=\"cz_grid_item  cz_posts_list_even post-2313 post type-post status-publish format-standard has-post-thumbnail hentry category-news\"><div class=\"clr\"><a class=\"cz_grid_link\" href=\"https:\/\/kbm.ly\/fr\/2023\/12\/24\/quality-systems-management-training-course-iso9001\/\" title=\"Quality systems management training course ISO9001\"><img decoding=\"async\" class=\"\" src=\"data:image\/svg+xml,%3Csvg%20xmlns%3D&#39;http%3A%2F%2Fwww.w3.org%2F2000%2Fsvg&#39;%20width=&#39;425&#39;%20height=&#39;319&#39;%20viewBox%3D&#39;0%200%20425%20319&#39;%2F%3E\" data-czlz data-src=\"https:\/\/kbm.ly\/fr\/wp-content\/uploads\/2023\/12\/IMG_3008-425x319.jpg\" width=\"425\" height=\"319\" alt=\"IMG_3008\" title=\"IMG_3008\" loading=\"lazy\" \/><div class=\"cz_grid_details\"><i class=\"fa czico-063-menu-2 cz_grid_icon\"><\/i><\/div><\/a><div class=\"cz_grid_details cz_grid_details_outside\"><a class=\"cz_grid_title\" href=\"https:\/\/kbm.ly\/fr\/2023\/12\/24\/quality-systems-management-training-course-iso9001\/\"><h3>Quality systems management training course ISO9001<\/h3><\/a><div class=\"cz_post_excerpt\">\u0627\u062e\u062a\u062a\u0627\u0645 \u0641\u0639\u0627\u0644\u064a\u0627\u062a \u0627\u0644\u062f\u0648\u0631\u0629 \u0627\u0644\u062a\u062f\u0631\u064a\u0628\u064a\u0629 (\u0625\u062f\u0627\u0631\u0629 \u0646\u0638\u0645 \u0627\u0644\u062c\u0648\u062f\u0629 ISO9001) \u0628\u0642\u0627\u0639\u0629 \u0645\u062e\u062a\u0628\u0631 \u0627\u0644\u062c\u0648\u062f\u0629 \u0628\u0645\u0635\u0646\u0639 \u0627\u0644\u062e\u0644\u064a\u062c \u0644\u0635\u0646\u0627\u0639\u0629 \u0627\u0644\u0627\u0633\u0645\u0646\u062a ...<a class=\"cz_readmore\" href=\"https:\/\/kbm.ly\/fr\/2023\/12\/24\/quality-systems-management-training-course-iso9001\/\"><i class=\"fa czico-056-menu-8\" aria-hidden=\"true\"><\/i><span>Read More<\/span><\/a><\/div><small class=\"clr\"><span class=\"cz_post_data cz_data_date cz_post_data_r\"><i class=\"cz_sub_icon mr8 fa fa czico-039-clock-2\"><\/i><a href=\"https:\/\/kbm.ly\/fr\/2023\/12\/24\/quality-systems-management-training-course-iso9001\/\">December 24, 2023<\/a><\/span><span class=\"cz_post_data cz_data_cats\"><i class=\"cz_sub_icon mr8 fa fa czico-058-menu-7\"><\/i><a href=\"https:\/\/kbm.ly\/fr\/category\/news\/\" rel=\"tag\">News<\/a><\/span><\/small><\/div><\/div><\/div><div data-id=\"2289\" class=\"cz_grid_item  cz_posts_list_odd post-2289 post type-post status-publish format-standard has-post-thumbnail hentry category-news\"><div class=\"clr\"><a class=\"cz_grid_link\" href=\"https:\/\/kbm.ly\/fr\/2023\/12\/06\/a-training-course-entitled-occupational-security-and-safety\/\" title=\"A training course entitled Occupational Security and Safety\"><img decoding=\"async\" class=\"\" src=\"data:image\/svg+xml,%3Csvg%20xmlns%3D&#39;http%3A%2F%2Fwww.w3.org%2F2000%2Fsvg&#39;%20width=&#39;425&#39;%20height=&#39;319&#39;%20viewBox%3D&#39;0%200%20425%20319&#39;%2F%3E\" data-czlz data-src=\"https:\/\/kbm.ly\/fr\/wp-content\/uploads\/2023\/12\/IMG_3007-425x319.jpg\" width=\"425\" height=\"319\" alt=\"IMG_3007\" title=\"IMG_3007\" loading=\"lazy\" \/><div class=\"cz_grid_details\"><i class=\"fa czico-063-menu-2 cz_grid_icon\"><\/i><\/div><\/a><div class=\"cz_grid_details cz_grid_details_outside\"><a class=\"cz_grid_title\" href=\"https:\/\/kbm.ly\/fr\/2023\/12\/06\/a-training-course-entitled-occupational-security-and-safety\/\"><h3>A training course entitled Occupational Security and Safety<\/h3><\/a><div class=\"cz_post_excerpt\">\u062a\u0645 \u0628\u0639\u0648\u0646 \u0627\u0644\u0644\u0647 \u0625\u062a\u0645\u0627\u0645 \u062f\u0648\u0631\u0629 \u062a\u062f\u0631\u064a\u0628\u064a\u0629 \u0628\u0639\u0646\u0648\u0627\u0646 &#8220;\u0627\u0644\u0623\u0645\u0646 \u0648\u0627\u0644\u0633\u0644\u0627\u0645\u0629 \u0627\u0644\u0645\u0647\u0646\u064a\u0629&#8221; \u062e\u0627\u0635\u0629 \u0628\u0627\u0644\u0645\u0648\u0638\u0641\u064a\u0646 \u0648\u0627\u0644\u0639\u0627\u0645\u0644\u064a\u0646 ...<a class=\"cz_readmore\" href=\"https:\/\/kbm.ly\/fr\/2023\/12\/06\/a-training-course-entitled-occupational-security-and-safety\/\"><i class=\"fa czico-056-menu-8\" aria-hidden=\"true\"><\/i><span>Read More<\/span><\/a><\/div><small class=\"clr\"><span class=\"cz_post_data cz_data_date cz_post_data_r\"><i class=\"cz_sub_icon mr8 fa fa czico-039-clock-2\"><\/i><a href=\"https:\/\/kbm.ly\/fr\/2023\/12\/06\/a-training-course-entitled-occupational-security-and-safety\/\">December 6, 2023<\/a><\/span><span class=\"cz_post_data cz_data_cats\"><i class=\"cz_sub_icon mr8 fa fa czico-058-menu-7\"><\/i><a href=\"https:\/\/kbm.ly\/fr\/category\/news\/\" rel=\"tag\">News<\/a><\/span><\/small><\/div><\/div><\/div><\/div><div class=\"cz_ajax_pagination clr cz_ajax_loadmore tac\"><a href=\"#\">Load More<\/a><\/div><\/div><div class=\"cz_gap clr  hide_on_mobile\" style=\"height: 100px\"><\/div><div class=\"cz_gap show_on_mobile clr\" style=\"height: 80px\"><\/div>[\/vc_column][\/vc_row]<\/p>\n<\/div>","protected":false},"excerpt":{"rendered":"<p>[vc_row full_width=&#8221;stretch_row&#8221; css=&#8221;.vc_custom_1703939689406{background-image: url(https:\/\/kbm.ly\/fr\/wp-content\/uploads\/2023\/02\/123.jpg?id=1890) !important;background-position: center !important;background-repeat: no-repeat !important;background-size: cover !important;border-radius: 0px 0px 150px 0px !important;}&#8221;][vc_column][\/vc_column][\/vc_row][vc_row full_width=&#8221;stretch_row&#8221;][vc_column][\/vc_column][\/vc_row] &#8230; <a class=\"cz_readmore\" href=\"https:\/\/kbm.ly\/fr\/2023\/12\/06\/a-training-course-entitled-occupational-security-and-safety\/\"><i class=\"fa czico-056-menu-8\" aria-hidden=\"true\"><\/i><span>Read More<\/span><\/a><\/p>\n","protected":false},"author":1,"featured_media":0,"parent":0,"menu_order":0,"comment_status":"closed","ping_status":"closed","template":"","meta":{"footnotes":""},"class_list":["post-1551","page","type-page","status-publish","hentry"],"_links":{"self":[{"href":"https:\/\/kbm.ly\/fr\/wp-json\/wp\/v2\/pages\/1551","targetHints":{"allow":["GET"]}}],"collection":[{"href":"https:\/\/kbm.ly\/fr\/wp-json\/wp\/v2\/pages"}],"about":[{"href":"https:\/\/kbm.ly\/fr\/wp-json\/wp\/v2\/types\/page"}],"author":[{"embeddable":true,"href":"https:\/\/kbm.ly\/fr\/wp-json\/wp\/v2\/users\/1"}],"replies":[{"embeddable":true,"href":"https:\/\/kbm.ly\/fr\/wp-json\/wp\/v2\/comments?post=1551"}],"version-history":[{"count":13,"href":"https:\/\/kbm.ly\/fr\/wp-json\/wp\/v2\/pages\/1551\/revisions"}],"predecessor-version":[{"id":2445,"href":"https:\/\/kbm.ly\/fr\/wp-json\/wp\/v2\/pages\/1551\/revisions\/2445"}],"wp:attachment":[{"href":"https:\/\/kbm.ly\/fr\/wp-json\/wp\/v2\/media?parent=1551"}],"curies":[{"name":"wp","href":"https:\/\/api.w.org\/{rel}","templated":true}]}}