{"id":2097,"date":"2023-07-12T11:11:07","date_gmt":"2023-07-12T11:11:07","guid":{"rendered":"https:\/\/kbm.ly\/fr\/?page_id=2097"},"modified":"2023-12-30T19:13:44","modified_gmt":"2023-12-30T19:13:44","slug":"about-us","status":"publish","type":"page","link":"https:\/\/kbm.ly\/fr\/about-us\/","title":{"rendered":"About us"},"content":{"rendered":"<div class=\"wpb-content-wrapper\"><p>[vc_row full_width=&#8221;stretch_row&#8221; css=&#8221;.vc_custom_1703938618000{background-image: url(https:\/\/kbm.ly\/fr\/wp-content\/uploads\/2023\/02\/123.jpg?id=1890) !important;background-position: center !important;background-repeat: no-repeat !important;background-size: cover !important;border-radius: 0px 0px 150px 0px !important;}&#8221;][vc_column]<div class=\"cz_gap clr  hide_on_mobile\" style=\"height: 130px\"><\/div><div class=\"cz_gap show_on_mobile clr\" style=\"height: 70px\"><\/div><div id=\"cz_29363\" class=\"cz_29363 cz_title clr cz_title_pos_inline\"><div class=\"cz_title_content\"><div class=\"cz_wpe_content\"><h1 style=\"text-align: left;\"><span style=\"color: #ffffff;\">\u00c0 propos du groupe<\/span><\/h1>\n<\/div><\/div><\/div><div class=\"cz_gap clr  hide_on_mobile\" style=\"height: 130px\"><\/div><div class=\"cz_gap show_on_mobile clr\" style=\"height: 70px\"><\/div>[\/vc_column][\/vc_row][vc_row full_width=&#8221;stretch_row&#8221;][vc_column]<div class=\"cz_gap clr  hide_on_mobile\" style=\"height: 100px\"><\/div><div class=\"cz_gap show_on_mobile clr\" style=\"height: 80px\"><\/div>[\/vc_column][vc_column width=&#8221;1\/2&#8243; offset=&#8221;vc_hidden-sm vc_hidden-xs&#8221;]<div class=\"cz_gap clr \" style=\"height: 50px\"><\/div><div id=\"cz_88548\" class=\"cz_88548 cz_image clr cz_image_no_fx center_on_mobile\"><div class=\"\" ><div class=\"cz_image_in\"><div class=\"cz_main_image\"><img decoding=\"async\" width=\"1000\" height=\"930\" src=\"data:image\/svg+xml,%3Csvg%20xmlns%3D&#39;http%3A%2F%2Fwww.w3.org%2F2000%2Fsvg&#39;%20width=&#39;1000&#39;%20height=&#39;930&#39;%20viewBox%3D&#39;0%200%201000%20930&#39;%2F%3E\" data-czlz data-src=\"https:\/\/kbm.ly\/fr\/wp-content\/uploads\/2023\/12\/32-gold.png\" class=\"attachment-full\" alt=\"\" title=\"32-gold\" data-srcset=\"https:\/\/kbm.ly\/fr\/wp-content\/uploads\/2023\/12\/32-gold.png 1000w, https:\/\/kbm.ly\/fr\/wp-content\/uploads\/2023\/12\/32-gold-300x279.png 300w, https:\/\/kbm.ly\/fr\/wp-content\/uploads\/2023\/12\/32-gold-768x714.png 768w, https:\/\/kbm.ly\/fr\/wp-content\/uploads\/2023\/12\/32-gold-600x558.png 600w\" data-sizes=\"(max-width: 1000px) 100vw, 1000px\" \/><\/div><\/div><\/div><\/div>[\/vc_column][vc_column width=&#8221;1\/2&#8243;]<div id=\"cz_90033\" class=\"cz_90033 cz_title clr cz_title_pos_inline\"><div class=\"cz_title_content\"><div class=\"cz_wpe_content\"><h1>\u00e0 propos de nous<\/h1>\n<\/div><\/div><\/div><div id=\"cz_42180\" class=\"cz_42180 cz_title clr cz_title_pos_inline\"><div class=\"cz_title_content\"><div class=\"cz_wpe_content\"><p>L\u2019activit\u00e9 du groupe est lanc\u00e9e depuis plus de 32 ans, travaillant dans les secteurs des mat\u00e9riaux sanitaires, de la construction, de la c\u00e9ramique, de la porcelaine et du ciment. Elle a ensuite \u00e9largi la port\u00e9e des investissements pour inclure de nombreux projets tels que la cr\u00e9ation d\u2019une usine de fabrication de meubles et d\u2019une usine de fabrication de ciment, en plus d\u2019incorporer une entreprise sp\u00e9cialis\u00e9e dans le d\u00e9chargement de navires de ciment dot\u00e9e des \u00e9quipements et des machines les plus modernes.<\/p>\n<\/div><\/div><\/div><div class=\"cz_gap clr \" style=\"height: 80px\"><\/div><div id=\"cz_107346\" class=\"cz_107346 cz_image clr cz_image_no_fx center_on_mobile hide_on_desktop hide_on_tablet show_on_mobile\"><div class=\"\" ><div class=\"cz_image_in\"><div class=\"cz_main_image\"><img decoding=\"async\" width=\"1000\" height=\"930\" src=\"data:image\/svg+xml,%3Csvg%20xmlns%3D&#39;http%3A%2F%2Fwww.w3.org%2F2000%2Fsvg&#39;%20width=&#39;1000&#39;%20height=&#39;930&#39;%20viewBox%3D&#39;0%200%201000%20930&#39;%2F%3E\" data-czlz data-src=\"https:\/\/kbm.ly\/fr\/wp-content\/uploads\/2023\/12\/32-gold.png\" class=\"attachment-full\" alt=\"\" title=\"32-gold\" data-srcset=\"https:\/\/kbm.ly\/fr\/wp-content\/uploads\/2023\/12\/32-gold.png 1000w, https:\/\/kbm.ly\/fr\/wp-content\/uploads\/2023\/12\/32-gold-300x279.png 300w, https:\/\/kbm.ly\/fr\/wp-content\/uploads\/2023\/12\/32-gold-768x714.png 768w, https:\/\/kbm.ly\/fr\/wp-content\/uploads\/2023\/12\/32-gold-600x558.png 600w\" data-sizes=\"(max-width: 1000px) 100vw, 1000px\" \/><\/div><\/div><\/div><\/div>[\/vc_column][\/vc_row][vc_row full_width=&#8221;stretch_row&#8221;][vc_column width=&#8221;1\/3&#8243; offset=&#8221;vc_hidden-sm vc_hidden-xs&#8221;]<div id=\"cz_84395\" data-disable-comma=\"\" data-duration=\"2000\" data-delay=\"0000\" class=\"cz_84395 cz_counter clr tal cz_2rows\"><div class=\"\"><span class=\"cz_counter_num_wrap\"><span class=\"cz_counter_num\">32<\/span><i>+<\/i><\/span><span class=\"cz_counter_after\">Des ann\u00e9es d'exp\u00e9rience<\/span><\/div><\/div>[\/vc_column][vc_column width=&#8221;1\/3&#8243; offset=&#8221;vc_hidden-sm vc_hidden-xs&#8221;]<div id=\"cz_32522\" data-disable-comma=\"\" data-duration=\"2000\" data-delay=\"0000\" class=\"cz_32522 cz_counter clr tac cz_2rows\"><div class=\"\"><span class=\"cz_counter_num_wrap\"><span class=\"cz_counter_num\">8<\/span><\/span><span class=\"cz_counter_after\">Entreprises<\/span><\/div><\/div>[\/vc_column][vc_column width=&#8221;1\/3&#8243; offset=&#8221;vc_hidden-sm vc_hidden-xs&#8221;]<div id=\"cz_86527\" data-disable-comma=\"\" data-duration=\"2000\" data-delay=\"0000\" class=\"cz_86527 cz_counter clr tar cz_2rows\"><div class=\"\"><span class=\"cz_counter_num_wrap\"><span class=\"cz_counter_num\">16<\/span><i>+<\/i><\/span><span class=\"cz_counter_after\">Agencies<\/span><\/div><\/div>[\/vc_column][vc_column]<div class=\"cz_gap clr \" style=\"height: 100px\"><\/div>[\/vc_column][\/vc_row][vc_row full_width=&#8221;stretch_row&#8221; css=&#8221;.vc_custom_1677247183420{background-image: url(https:\/\/kbm.ly\/fr\/wp-content\/uploads\/2023\/02\/123.jpg?id=1890) !important;background-position: center !important;background-repeat: no-repeat !important;background-size: cover !important;border-radius: 0px 168px 0px 168px !important;}&#8221; el_class=&#8221;back1&#8243;][vc_column]<div class=\"cz_gap clr \" style=\"height: 130px\"><\/div>[vc_row_inner][vc_column_inner width=&#8221;1\/3&#8243;]<div id=\"cz_80518\" class=\"cz_80518 services clr style11 cz_sbi_fx_10 services_b left\"><div class=\"service_img\"><img decoding=\"async\" width=\"150\" height=\"150\" src=\"data:image\/svg+xml,%3Csvg%20xmlns%3D&#39;http%3A%2F%2Fwww.w3.org%2F2000%2Fsvg&#39;%20width=&#39;150&#39;%20height=&#39;150&#39;%20viewBox%3D&#39;0%200%20150%20150&#39;%2F%3E\" data-czlz data-src=\"https:\/\/kbm.ly\/fr\/wp-content\/uploads\/2023\/12\/11-150x150.png\" class=\"service-icon attachment-thumbnail\" alt=\"\" title=\"11\" data-srcset=\"https:\/\/kbm.ly\/fr\/wp-content\/uploads\/2023\/12\/11-150x150.png 150w, https:\/\/kbm.ly\/fr\/wp-content\/uploads\/2023\/12\/11.png 300w\" data-sizes=\"(max-width: 150px) 100vw, 150px\" \/><\/div><div class=\"clr\"><\/div><div class=\"service_text\"><h3>Ce qui nous distingue<\/h3><div class=\"cz_wpe_content\">Notre exp\u00e9rience qui d\u00e9passe 32 ans sur tout le territoire libyen et notre travail passionn\u00e9, continu et coh\u00e9rent.<\/div><\/div><\/div>[\/vc_column_inner][vc_column_inner width=&#8221;1\/3&#8243;]<div id=\"cz_16763\" class=\"cz_16763 services clr style11 cz_sbi_fx_10 services_b left\"><div class=\"service_img\"><img decoding=\"async\" width=\"150\" height=\"150\" src=\"data:image\/svg+xml,%3Csvg%20xmlns%3D&#39;http%3A%2F%2Fwww.w3.org%2F2000%2Fsvg&#39;%20width=&#39;150&#39;%20height=&#39;150&#39;%20viewBox%3D&#39;0%200%20150%20150&#39;%2F%3E\" data-czlz data-src=\"https:\/\/kbm.ly\/fr\/wp-content\/uploads\/2023\/12\/10-150x150.png\" class=\"service-icon attachment-thumbnail\" alt=\"\" title=\"10\" data-srcset=\"https:\/\/kbm.ly\/fr\/wp-content\/uploads\/2023\/12\/10-150x150.png 150w, https:\/\/kbm.ly\/fr\/wp-content\/uploads\/2023\/12\/10.png 300w\" data-sizes=\"(max-width: 150px) 100vw, 150px\" \/><\/div><div class=\"clr\"><\/div><div class=\"service_text\"><h3>Notre mission<\/h3><div class=\"cz_wpe_content\">Contribuer au d\u00e9veloppement du commerce libyen et revitaliser l\u2019\u00e9conomie libyenne en approvisionnant les march\u00e9s locaux en produits portant les plus grandes marques mondiales.<\/div><\/div><\/div>[\/vc_column_inner][vc_column_inner width=&#8221;1\/3&#8243;]<div id=\"cz_32690\" class=\"cz_32690 services clr style11 cz_sbi_fx_10 services_b left\"><div class=\"service_img\"><img decoding=\"async\" width=\"150\" height=\"150\" src=\"data:image\/svg+xml,%3Csvg%20xmlns%3D&#39;http%3A%2F%2Fwww.w3.org%2F2000%2Fsvg&#39;%20width=&#39;150&#39;%20height=&#39;150&#39;%20viewBox%3D&#39;0%200%20150%20150&#39;%2F%3E\" data-czlz data-src=\"https:\/\/kbm.ly\/fr\/wp-content\/uploads\/2023\/12\/9-150x150.png\" class=\"service-icon attachment-thumbnail\" alt=\"\" title=\"9\" data-srcset=\"https:\/\/kbm.ly\/fr\/wp-content\/uploads\/2023\/12\/9-150x150.png 150w, https:\/\/kbm.ly\/fr\/wp-content\/uploads\/2023\/12\/9.png 300w\" data-sizes=\"(max-width: 150px) 100vw, 150px\" \/><\/div><div class=\"clr\"><\/div><div class=\"service_text\"><h3>Notre vision<\/h3><div class=\"cz_wpe_content\">Faire de KBM Group for Multiple Investments l&#8217;une des meilleures soci\u00e9t\u00e9s locales et internationales sp\u00e9cialis\u00e9es dans divers secteurs d&#8217;investissement, offrant des produits et services de haute qualit\u00e9 \u00e0 des prix comp\u00e9titifs.<\/div><\/div><\/div>[\/vc_column_inner][\/vc_row_inner]<div class=\"cz_gap clr \" style=\"height: 130px\"><\/div>[\/vc_column][\/vc_row][vc_row][vc_column]<div class=\"cz_gap clr \" style=\"height: 100px\"><\/div><div id=\"cz_108313\" class=\"cz_108313 cz_title clr cz_title_pos_inline\"><div class=\"cz_title_content\"><div class=\"cz_wpe_content\"><h1>Entreprises<\/h1>\n<\/div><\/div><\/div><div class=\"cz_gap clr \" style=\"height: 50px\"><\/div><div id=\"cz_65918\" class=\"cz_65918 slick arrows_mlr dots_bc\" data-slick='{\"selector\":\"\",\"slidesToShow\":4,\"slidesToScroll\":1,\"rows\":1,\"fade\":false,\"vertical\":false,\"verticalSwiping\":false,\"infinite\":false,\"speed\":1000,\"swipeToSlide\":true,\"centerMode\":false,\"centerPadding\":\"\",\"variableWidth\":false,\"autoplay\":false,\"autoplaySpeed\":4000,\"dots\":true,\"counts\":false,\"adaptiveHeight\":false,\"responsive\":[{\"breakpoint\":769,\"settings\":{\"slidesToShow\":2,\"slidesToScroll\":1,\"touchMove\":true}},{\"breakpoint\":481,\"settings\":{\"slidesToShow\":1,\"slidesToScroll\":1,\"touchMove\":true}}]}' data-slick-prev=\"fa czico-190-arrows\" data-slick-next=\"fa czico-189-arrows-1\"><a href=\"https:\/\/kbm.ly\/fr\/our-companies\/\"><div id=\"cz_40347\" class=\"cz_40347 cz_image clr cz_image_no_fx center_on_mobile\"><div class=\"\" ><div class=\"cz_image_in\"><div class=\"cz_main_image\"><img decoding=\"async\" width=\"600\" height=\"632\" src=\"data:image\/svg+xml,%3Csvg%20xmlns%3D&#39;http%3A%2F%2Fwww.w3.org%2F2000%2Fsvg&#39;%20width=&#39;600&#39;%20height=&#39;632&#39;%20viewBox%3D&#39;0%200%20600%20632&#39;%2F%3E\" data-czlz data-src=\"https:\/\/kbm.ly\/fr\/wp-content\/uploads\/2023\/12\/5-1.png\" class=\"attachment-full\" alt=\"\" title=\"5\" data-srcset=\"https:\/\/kbm.ly\/fr\/wp-content\/uploads\/2023\/12\/5-1.png 600w, https:\/\/kbm.ly\/fr\/wp-content\/uploads\/2023\/12\/5-1-285x300.png 285w\" data-sizes=\"(max-width: 600px) 100vw, 600px\" \/><\/div><\/div><\/div><\/div><\/a><a href=\"https:\/\/kbm.ly\/fr\/our-companies\/\"><div id=\"cz_71445\" class=\"cz_71445 cz_image clr cz_image_no_fx center_on_mobile\"><div class=\"\" ><div class=\"cz_image_in\"><div class=\"cz_main_image\"><img decoding=\"async\" width=\"600\" height=\"632\" src=\"data:image\/svg+xml,%3Csvg%20xmlns%3D&#39;http%3A%2F%2Fwww.w3.org%2F2000%2Fsvg&#39;%20width=&#39;600&#39;%20height=&#39;632&#39;%20viewBox%3D&#39;0%200%20600%20632&#39;%2F%3E\" data-czlz data-src=\"https:\/\/kbm.ly\/fr\/wp-content\/uploads\/2023\/12\/3-1.png\" class=\"attachment-full\" alt=\"\" title=\"3\" data-srcset=\"https:\/\/kbm.ly\/fr\/wp-content\/uploads\/2023\/12\/3-1.png 600w, https:\/\/kbm.ly\/fr\/wp-content\/uploads\/2023\/12\/3-1-285x300.png 285w\" data-sizes=\"(max-width: 600px) 100vw, 600px\" \/><\/div><\/div><\/div><\/div><\/a><a href=\"https:\/\/kbm.ly\/fr\/our-companies\/\"><div id=\"cz_36965\" class=\"cz_36965 cz_image clr cz_image_no_fx center_on_mobile\"><div class=\"\" ><div class=\"cz_image_in\"><div class=\"cz_main_image\"><img decoding=\"async\" width=\"600\" height=\"632\" src=\"data:image\/svg+xml,%3Csvg%20xmlns%3D&#39;http%3A%2F%2Fwww.w3.org%2F2000%2Fsvg&#39;%20width=&#39;600&#39;%20height=&#39;632&#39;%20viewBox%3D&#39;0%200%20600%20632&#39;%2F%3E\" data-czlz data-src=\"https:\/\/kbm.ly\/fr\/wp-content\/uploads\/2023\/12\/2-1.png\" class=\"attachment-full\" alt=\"\" title=\"2\" data-srcset=\"https:\/\/kbm.ly\/fr\/wp-content\/uploads\/2023\/12\/2-1.png 600w, https:\/\/kbm.ly\/fr\/wp-content\/uploads\/2023\/12\/2-1-285x300.png 285w\" data-sizes=\"(max-width: 600px) 100vw, 600px\" \/><\/div><\/div><\/div><\/div><\/a><a href=\"https:\/\/kbm.ly\/fr\/our-companies\/\"><div id=\"cz_19331\" class=\"cz_19331 cz_image clr cz_image_no_fx center_on_mobile\"><div class=\"\" ><div class=\"cz_image_in\"><div class=\"cz_main_image\"><img decoding=\"async\" width=\"600\" height=\"632\" src=\"data:image\/svg+xml,%3Csvg%20xmlns%3D&#39;http%3A%2F%2Fwww.w3.org%2F2000%2Fsvg&#39;%20width=&#39;600&#39;%20height=&#39;632&#39;%20viewBox%3D&#39;0%200%20600%20632&#39;%2F%3E\" data-czlz data-src=\"https:\/\/kbm.ly\/fr\/wp-content\/uploads\/2023\/12\/1-1.png\" class=\"attachment-full\" alt=\"\" title=\"1\" data-srcset=\"https:\/\/kbm.ly\/fr\/wp-content\/uploads\/2023\/12\/1-1.png 600w, https:\/\/kbm.ly\/fr\/wp-content\/uploads\/2023\/12\/1-1-285x300.png 285w\" data-sizes=\"(max-width: 600px) 100vw, 600px\" \/><\/div><\/div><\/div><\/div><\/a><a href=\"https:\/\/kbm.ly\/fr\/our-companies\/\"><div id=\"cz_106651\" class=\"cz_106651 cz_image clr cz_image_no_fx center_on_mobile\"><div class=\"\" ><div class=\"cz_image_in\"><div class=\"cz_main_image\"><img decoding=\"async\" width=\"600\" height=\"632\" src=\"data:image\/svg+xml,%3Csvg%20xmlns%3D&#39;http%3A%2F%2Fwww.w3.org%2F2000%2Fsvg&#39;%20width=&#39;600&#39;%20height=&#39;632&#39;%20viewBox%3D&#39;0%200%20600%20632&#39;%2F%3E\" data-czlz data-src=\"https:\/\/kbm.ly\/fr\/wp-content\/uploads\/2023\/02\/4564.png\" class=\"attachment-full\" alt=\"\" title=\"4564\" data-srcset=\"https:\/\/kbm.ly\/fr\/wp-content\/uploads\/2023\/02\/4564.png 600w, https:\/\/kbm.ly\/fr\/wp-content\/uploads\/2023\/02\/4564-285x300.png 285w\" data-sizes=\"(max-width: 600px) 100vw, 600px\" \/><\/div><\/div><\/div><\/div><\/a><a href=\"https:\/\/kbm.ly\/fr\/our-companies\/\"><div id=\"cz_71973\" class=\"cz_71973 cz_image clr cz_image_no_fx center_on_mobile\"><div class=\"\" ><div class=\"cz_image_in\"><div class=\"cz_main_image\"><img decoding=\"async\" width=\"600\" height=\"632\" src=\"data:image\/svg+xml,%3Csvg%20xmlns%3D&#39;http%3A%2F%2Fwww.w3.org%2F2000%2Fsvg&#39;%20width=&#39;600&#39;%20height=&#39;632&#39;%20viewBox%3D&#39;0%200%20600%20632&#39;%2F%3E\" data-czlz data-src=\"https:\/\/kbm.ly\/fr\/wp-content\/uploads\/2023\/02\/\u062f\u0627\u064a\u0645\u0648\u0646\u062f-\u0644\u0644\u0645\u0637\u0627\u0628\u062e-\u0648-\u0627\u0644\u0627\u0654\u062b\u0627\u062b-1.png\" class=\"attachment-full\" alt=\"\" title=\"\u062f\u0627\u064a\u0645\u0648\u0646\u062f-\u0644\u0644\u0645\u0637\u0627\u0628\u062e-\u0648-\u0627\u0644\u0627\u0654\u062b\u0627\u062b\" data-srcset=\"https:\/\/kbm.ly\/fr\/wp-content\/uploads\/2023\/02\/\u062f\u0627\u064a\u0645\u0648\u0646\u062f-\u0644\u0644\u0645\u0637\u0627\u0628\u062e-\u0648-\u0627\u0644\u0627\u0654\u062b\u0627\u062b-1.png 600w, https:\/\/kbm.ly\/fr\/wp-content\/uploads\/2023\/02\/\u062f\u0627\u064a\u0645\u0648\u0646\u062f-\u0644\u0644\u0645\u0637\u0627\u0628\u062e-\u0648-\u0627\u0644\u0627\u0654\u062b\u0627\u062b-1-285x300.png 285w\" data-sizes=\"(max-width: 600px) 100vw, 600px\" \/><\/div><\/div><\/div><\/div><\/a><a href=\"https:\/\/kbm.ly\/fr\/our-companies\/\"><div id=\"cz_98872\" class=\"cz_98872 cz_image clr cz_image_no_fx center_on_mobile\"><div class=\"\" ><div class=\"cz_image_in\"><div class=\"cz_main_image\"><img decoding=\"async\" width=\"600\" height=\"632\" src=\"data:image\/svg+xml,%3Csvg%20xmlns%3D&#39;http%3A%2F%2Fwww.w3.org%2F2000%2Fsvg&#39;%20width=&#39;600&#39;%20height=&#39;632&#39;%20viewBox%3D&#39;0%200%20600%20632&#39;%2F%3E\" data-czlz data-src=\"https:\/\/kbm.ly\/fr\/wp-content\/uploads\/2023\/07\/44444.png\" class=\"attachment-full\" alt=\"\" title=\"44444\" data-srcset=\"https:\/\/kbm.ly\/fr\/wp-content\/uploads\/2023\/07\/44444.png 600w, https:\/\/kbm.ly\/fr\/wp-content\/uploads\/2023\/07\/44444-285x300.png 285w\" data-sizes=\"(max-width: 600px) 100vw, 600px\" \/><\/div><\/div><\/div><\/div><\/a><\/div><div><\/div><div class=\"cz_gap clr \" style=\"height: 100px\"><\/div>[\/vc_column][\/vc_row]<\/p>\n<\/div>","protected":false},"excerpt":{"rendered":"<p>[vc_row full_width=&#8221;stretch_row&#8221; css=&#8221;.vc_custom_1703938618000{background-image: url(https:\/\/kbm.ly\/fr\/wp-content\/uploads\/2023\/02\/123.jpg?id=1890) !important;background-position: center !important;background-repeat: no-repeat !important;background-size: cover !important;border-radius: &#8230; <\/p>\n","protected":false},"author":1,"featured_media":0,"parent":0,"menu_order":0,"comment_status":"closed","ping_status":"closed","template":"","meta":{"footnotes":""},"class_list":["post-2097","page","type-page","status-publish","hentry"],"_links":{"self":[{"href":"https:\/\/kbm.ly\/fr\/wp-json\/wp\/v2\/pages\/2097","targetHints":{"allow":["GET"]}}],"collection":[{"href":"https:\/\/kbm.ly\/fr\/wp-json\/wp\/v2\/pages"}],"about":[{"href":"https:\/\/kbm.ly\/fr\/wp-json\/wp\/v2\/types\/page"}],"author":[{"embeddable":true,"href":"https:\/\/kbm.ly\/fr\/wp-json\/wp\/v2\/users\/1"}],"replies":[{"embeddable":true,"href":"https:\/\/kbm.ly\/fr\/wp-json\/wp\/v2\/comments?post=2097"}],"version-history":[{"count":15,"href":"https:\/\/kbm.ly\/fr\/wp-json\/wp\/v2\/pages\/2097\/revisions"}],"predecessor-version":[{"id":2455,"href":"https:\/\/kbm.ly\/fr\/wp-json\/wp\/v2\/pages\/2097\/revisions\/2455"}],"wp:attachment":[{"href":"https:\/\/kbm.ly\/fr\/wp-json\/wp\/v2\/media?parent=2097"}],"curies":[{"name":"wp","href":"https:\/\/api.w.org\/{rel}","templated":true}]}}