{"id":2124,"date":"2023-07-12T11:42:27","date_gmt":"2023-07-12T11:42:27","guid":{"rendered":"https:\/\/kbm.ly\/fr\/?page_id=2124"},"modified":"2023-12-30T19:17:49","modified_gmt":"2023-12-30T19:17:49","slug":"sectors","status":"publish","type":"page","link":"https:\/\/kbm.ly\/fr\/sectors\/","title":{"rendered":"Sectors"},"content":{"rendered":"<div class=\"wpb-content-wrapper\"><p>[vc_row full_width=&#8221;stretch_row&#8221; css=&#8221;.vc_custom_1703939230155{background-image: url(https:\/\/kbm.ly\/fr\/wp-content\/uploads\/2023\/02\/123.jpg?id=1890) !important;background-position: center !important;background-repeat: no-repeat !important;background-size: cover !important;border-radius: 0px 0px 150px 0px !important;}&#8221;][vc_column]<div class=\"cz_gap clr  hide_on_mobile\" style=\"height: 130px\"><\/div><div class=\"cz_gap show_on_mobile clr\" style=\"height: 70px\"><\/div><div id=\"cz_109330\" class=\"cz_109330 cz_title clr cz_title_pos_inline\"><div class=\"cz_title_content\"><div class=\"cz_wpe_content\"><h1 style=\"text-align: left;\"><span style=\"color: #ffffff;\">Secteurs<\/span><\/h1>\n<\/div><\/div><\/div><div class=\"cz_gap clr  hide_on_mobile\" style=\"height: 130px\"><\/div><div class=\"cz_gap show_on_mobile clr\" style=\"height: 70px\"><\/div>[\/vc_column][\/vc_row][vc_row][vc_column]<div class=\"cz_gap clr \" style=\"height: 100px\"><\/div>[\/vc_column][\/vc_row][vc_row full_width=&#8221;stretch_row&#8221;][vc_column width=&#8221;1\/2&#8243;]<div id=\"cz_44345\" class=\"cz_44345 cz_image clr cz_image_flip_h center_on_mobile hide_on_mobile\"><div class=\"\" ><div class=\"cz_image_in\"><div class=\"cz_main_image\"><img decoding=\"async\" width=\"512\" height=\"512\" src=\"data:image\/svg+xml,%3Csvg%20xmlns%3D&#39;http%3A%2F%2Fwww.w3.org%2F2000%2Fsvg&#39;%20width=&#39;512&#39;%20height=&#39;512&#39;%20viewBox%3D&#39;0%200%20512%20512&#39;%2F%3E\" data-czlz data-src=\"https:\/\/kbm.ly\/fr\/wp-content\/uploads\/2023\/12\/1-2.png\" class=\"attachment-full\" alt=\"\" title=\"1\" data-srcset=\"https:\/\/kbm.ly\/fr\/wp-content\/uploads\/2023\/12\/1-2.png 512w, https:\/\/kbm.ly\/fr\/wp-content\/uploads\/2023\/12\/1-2-300x300.png 300w, https:\/\/kbm.ly\/fr\/wp-content\/uploads\/2023\/12\/1-2-150x150.png 150w\" data-sizes=\"(max-width: 512px) 100vw, 512px\" \/><\/div><div class=\"cz_hover_image\"><img decoding=\"async\" width=\"512\" height=\"512\" src=\"data:image\/svg+xml,%3Csvg%20xmlns%3D&#39;http%3A%2F%2Fwww.w3.org%2F2000%2Fsvg&#39;%20width=&#39;512&#39;%20height=&#39;512&#39;%20viewBox%3D&#39;0%200%20512%20512&#39;%2F%3E\" data-czlz data-src=\"https:\/\/kbm.ly\/fr\/wp-content\/uploads\/2023\/12\/1-2.png\" class=\"attachment-full\" alt=\"\" title=\"1\" data-srcset=\"https:\/\/kbm.ly\/fr\/wp-content\/uploads\/2023\/12\/1-2.png 512w, https:\/\/kbm.ly\/fr\/wp-content\/uploads\/2023\/12\/1-2-300x300.png 300w, https:\/\/kbm.ly\/fr\/wp-content\/uploads\/2023\/12\/1-2-150x150.png 150w\" data-sizes=\"(max-width: 512px) 100vw, 512px\" \/><\/div><\/div><\/div><\/div>[\/vc_column][vc_column width=&#8221;1\/2&#8243;]<div id=\"cz_20634\" class=\"cz_20634 cz_image clr cz_image_flip_h hide_on_desktop hide_on_tablet show_on_mobile\"><div class=\"\" ><div class=\"cz_image_in\"><div class=\"cz_main_image\"><img decoding=\"async\" width=\"512\" height=\"512\" src=\"data:image\/svg+xml,%3Csvg%20xmlns%3D&#39;http%3A%2F%2Fwww.w3.org%2F2000%2Fsvg&#39;%20width=&#39;512&#39;%20height=&#39;512&#39;%20viewBox%3D&#39;0%200%20512%20512&#39;%2F%3E\" data-czlz data-src=\"https:\/\/kbm.ly\/fr\/wp-content\/uploads\/2023\/12\/1-2.png\" class=\"attachment-full\" alt=\"\" title=\"1\" data-srcset=\"https:\/\/kbm.ly\/fr\/wp-content\/uploads\/2023\/12\/1-2.png 512w, https:\/\/kbm.ly\/fr\/wp-content\/uploads\/2023\/12\/1-2-300x300.png 300w, https:\/\/kbm.ly\/fr\/wp-content\/uploads\/2023\/12\/1-2-150x150.png 150w\" data-sizes=\"(max-width: 512px) 100vw, 512px\" \/><\/div><div class=\"cz_hover_image\"><img decoding=\"async\" width=\"512\" height=\"512\" src=\"data:image\/svg+xml,%3Csvg%20xmlns%3D&#39;http%3A%2F%2Fwww.w3.org%2F2000%2Fsvg&#39;%20width=&#39;512&#39;%20height=&#39;512&#39;%20viewBox%3D&#39;0%200%20512%20512&#39;%2F%3E\" data-czlz data-src=\"https:\/\/kbm.ly\/fr\/wp-content\/uploads\/2023\/12\/1-2.png\" class=\"attachment-full\" alt=\"\" title=\"1\" data-srcset=\"https:\/\/kbm.ly\/fr\/wp-content\/uploads\/2023\/12\/1-2.png 512w, https:\/\/kbm.ly\/fr\/wp-content\/uploads\/2023\/12\/1-2-300x300.png 300w, https:\/\/kbm.ly\/fr\/wp-content\/uploads\/2023\/12\/1-2-150x150.png 150w\" data-sizes=\"(max-width: 512px) 100vw, 512px\" \/><\/div><\/div><\/div><\/div><div class=\"cz_gap show_on_mobile clr\" style=\"height: 40px\"><\/div><div id=\"cz_56080\" class=\"cz_56080 cz_title clr cz_title_pos_inline\"><div class=\"cz_title_content\"><div class=\"cz_wpe_content\"><h1 style=\"text-align: left;\">Articles sanitaires<\/h1>\n<\/div><\/div><\/div><div id=\"cz_42831\" class=\"cz_42831 cz_title clr cz_title_pos_inline\"><div class=\"cz_title_content\"><div class=\"cz_wpe_content\"><p>Le Groupe ALKHALEEJ ne s&#8217;est pas limit\u00e9 \u00e0 investir uniquement dans les appareils sanitaires, mais a \u00e9galement travaill\u00e9 avec diligence pour se d\u00e9velopper dans ce domaine. Elle a ensuite obtenu plusieurs agences mondiales sp\u00e9cialis\u00e9es dans la fabrication d&#8217;appareils sanitaires de haute qualit\u00e9, correspondant aux besoins du march\u00e9 libyen.<\/p>\n<\/div><\/div><\/div><div class=\"cz_gap clr \" style=\"height: 50px\"><\/div>[\/vc_column][vc_column]<div class=\"cz_gap clr \" style=\"height: 80px\"><\/div>[\/vc_column][\/vc_row][vc_row full_width=&#8221;stretch_row&#8221; css=&#8221;.vc_custom_1679913449159{background-color: #f4f4f4 !important;}&#8221;][vc_column]<div class=\"cz_gap clr \" style=\"height: 80px\"><\/div>[\/vc_column][vc_column width=&#8221;1\/2&#8243;]<div id=\"cz_68060\" class=\"cz_68060 cz_image clr cz_image_flip_h hide_on_desktop hide_on_tablet show_on_mobile\"><div class=\"\" ><div class=\"cz_image_in\"><div class=\"cz_main_image\"><img decoding=\"async\" width=\"512\" height=\"512\" src=\"data:image\/svg+xml,%3Csvg%20xmlns%3D&#39;http%3A%2F%2Fwww.w3.org%2F2000%2Fsvg&#39;%20width=&#39;512&#39;%20height=&#39;512&#39;%20viewBox%3D&#39;0%200%20512%20512&#39;%2F%3E\" data-czlz data-src=\"https:\/\/kbm.ly\/fr\/wp-content\/uploads\/2023\/12\/2-2.png\" class=\"attachment-full\" alt=\"\" title=\"2\" data-srcset=\"https:\/\/kbm.ly\/fr\/wp-content\/uploads\/2023\/12\/2-2.png 512w, https:\/\/kbm.ly\/fr\/wp-content\/uploads\/2023\/12\/2-2-300x300.png 300w, https:\/\/kbm.ly\/fr\/wp-content\/uploads\/2023\/12\/2-2-150x150.png 150w\" data-sizes=\"(max-width: 512px) 100vw, 512px\" \/><\/div><div class=\"cz_hover_image\"><img decoding=\"async\" width=\"512\" height=\"512\" src=\"data:image\/svg+xml,%3Csvg%20xmlns%3D&#39;http%3A%2F%2Fwww.w3.org%2F2000%2Fsvg&#39;%20width=&#39;512&#39;%20height=&#39;512&#39;%20viewBox%3D&#39;0%200%20512%20512&#39;%2F%3E\" data-czlz data-src=\"https:\/\/kbm.ly\/fr\/wp-content\/uploads\/2023\/12\/2-2.png\" class=\"attachment-full\" alt=\"\" title=\"2\" data-srcset=\"https:\/\/kbm.ly\/fr\/wp-content\/uploads\/2023\/12\/2-2.png 512w, https:\/\/kbm.ly\/fr\/wp-content\/uploads\/2023\/12\/2-2-300x300.png 300w, https:\/\/kbm.ly\/fr\/wp-content\/uploads\/2023\/12\/2-2-150x150.png 150w\" data-sizes=\"(max-width: 512px) 100vw, 512px\" \/><\/div><\/div><\/div><\/div><div class=\"cz_gap show_on_mobile clr\" style=\"height: 40px\"><\/div><div id=\"cz_69938\" class=\"cz_69938 cz_title clr cz_title_pos_inline\"><div class=\"cz_title_content\"><div class=\"cz_wpe_content\"><h1>C\u00e9ramique et Porcelaine<\/h1>\n<\/div><\/div><\/div><div id=\"cz_57036\" class=\"cz_57036 cz_title clr cz_title_pos_inline\"><div class=\"cz_title_content\"><div class=\"cz_wpe_content\"><p>Le Groupe ALKHALEEJ a ouvert une succursale d\u00e9di\u00e9e \u00e0 la c\u00e9ramique, \u00e0 la porcelaine et \u00e0 divers types de carrelages int\u00e9rieurs et ext\u00e9rieurs, en les important de diff\u00e9rents pays leaders dans ce domaine. Ainsi, elle a acquis plusieurs agences exclusives aupr\u00e8s de certaines des entreprises les plus exp\u00e9riment\u00e9es dans ce domaine.<\/p>\n<\/div><\/div><\/div>[\/vc_column][vc_column width=&#8221;1\/2&#8243;]<div id=\"cz_87949\" class=\"cz_87949 cz_image clr cz_image_flip_h center_on_mobile hide_on_mobile\"><div class=\"\" ><div class=\"cz_image_in\"><div class=\"cz_main_image\"><img decoding=\"async\" width=\"512\" height=\"512\" src=\"data:image\/svg+xml,%3Csvg%20xmlns%3D&#39;http%3A%2F%2Fwww.w3.org%2F2000%2Fsvg&#39;%20width=&#39;512&#39;%20height=&#39;512&#39;%20viewBox%3D&#39;0%200%20512%20512&#39;%2F%3E\" data-czlz data-src=\"https:\/\/kbm.ly\/fr\/wp-content\/uploads\/2023\/12\/2-2.png\" class=\"attachment-full\" alt=\"\" title=\"2\" data-srcset=\"https:\/\/kbm.ly\/fr\/wp-content\/uploads\/2023\/12\/2-2.png 512w, https:\/\/kbm.ly\/fr\/wp-content\/uploads\/2023\/12\/2-2-300x300.png 300w, https:\/\/kbm.ly\/fr\/wp-content\/uploads\/2023\/12\/2-2-150x150.png 150w\" data-sizes=\"(max-width: 512px) 100vw, 512px\" \/><\/div><div class=\"cz_hover_image\"><img decoding=\"async\" width=\"512\" height=\"512\" src=\"data:image\/svg+xml,%3Csvg%20xmlns%3D&#39;http%3A%2F%2Fwww.w3.org%2F2000%2Fsvg&#39;%20width=&#39;512&#39;%20height=&#39;512&#39;%20viewBox%3D&#39;0%200%20512%20512&#39;%2F%3E\" data-czlz data-src=\"https:\/\/kbm.ly\/fr\/wp-content\/uploads\/2023\/12\/2-2.png\" class=\"attachment-full\" alt=\"\" title=\"2\" data-srcset=\"https:\/\/kbm.ly\/fr\/wp-content\/uploads\/2023\/12\/2-2.png 512w, https:\/\/kbm.ly\/fr\/wp-content\/uploads\/2023\/12\/2-2-300x300.png 300w, https:\/\/kbm.ly\/fr\/wp-content\/uploads\/2023\/12\/2-2-150x150.png 150w\" data-sizes=\"(max-width: 512px) 100vw, 512px\" \/><\/div><\/div><\/div><\/div>[\/vc_column][vc_column]<div class=\"cz_gap clr \" style=\"height: 80px\"><\/div>[\/vc_column][\/vc_row][vc_row full_width=&#8221;stretch_row&#8221;][vc_column]<div class=\"cz_gap clr \" style=\"height: 80px\"><\/div>[\/vc_column][vc_column width=&#8221;1\/2&#8243;]<div id=\"cz_60672\" class=\"cz_60672 cz_image clr cz_image_flip_h center_on_mobile hide_on_mobile\"><div class=\"\" ><div class=\"cz_image_in\"><div class=\"cz_main_image\"><img decoding=\"async\" width=\"512\" height=\"512\" src=\"data:image\/svg+xml,%3Csvg%20xmlns%3D&#39;http%3A%2F%2Fwww.w3.org%2F2000%2Fsvg&#39;%20width=&#39;512&#39;%20height=&#39;512&#39;%20viewBox%3D&#39;0%200%20512%20512&#39;%2F%3E\" data-czlz data-src=\"https:\/\/kbm.ly\/fr\/wp-content\/uploads\/2023\/12\/3-2.png\" class=\"attachment-full\" alt=\"\" title=\"3\" data-srcset=\"https:\/\/kbm.ly\/fr\/wp-content\/uploads\/2023\/12\/3-2.png 512w, https:\/\/kbm.ly\/fr\/wp-content\/uploads\/2023\/12\/3-2-300x300.png 300w, https:\/\/kbm.ly\/fr\/wp-content\/uploads\/2023\/12\/3-2-150x150.png 150w\" data-sizes=\"(max-width: 512px) 100vw, 512px\" \/><\/div><div class=\"cz_hover_image\"><img decoding=\"async\" width=\"512\" height=\"512\" src=\"data:image\/svg+xml,%3Csvg%20xmlns%3D&#39;http%3A%2F%2Fwww.w3.org%2F2000%2Fsvg&#39;%20width=&#39;512&#39;%20height=&#39;512&#39;%20viewBox%3D&#39;0%200%20512%20512&#39;%2F%3E\" data-czlz data-src=\"https:\/\/kbm.ly\/fr\/wp-content\/uploads\/2023\/12\/3-2.png\" class=\"attachment-full\" alt=\"\" title=\"3\" data-srcset=\"https:\/\/kbm.ly\/fr\/wp-content\/uploads\/2023\/12\/3-2.png 512w, https:\/\/kbm.ly\/fr\/wp-content\/uploads\/2023\/12\/3-2-300x300.png 300w, https:\/\/kbm.ly\/fr\/wp-content\/uploads\/2023\/12\/3-2-150x150.png 150w\" data-sizes=\"(max-width: 512px) 100vw, 512px\" \/><\/div><\/div><\/div><\/div>[\/vc_column][vc_column width=&#8221;1\/2&#8243;]<div id=\"cz_73210\" class=\"cz_73210 cz_image clr cz_image_flip_h hide_on_desktop hide_on_tablet show_on_mobile\"><div class=\"\" ><div class=\"cz_image_in\"><div class=\"cz_main_image\"><img decoding=\"async\" width=\"512\" height=\"512\" src=\"data:image\/svg+xml,%3Csvg%20xmlns%3D&#39;http%3A%2F%2Fwww.w3.org%2F2000%2Fsvg&#39;%20width=&#39;512&#39;%20height=&#39;512&#39;%20viewBox%3D&#39;0%200%20512%20512&#39;%2F%3E\" data-czlz data-src=\"https:\/\/kbm.ly\/fr\/wp-content\/uploads\/2023\/12\/3-2.png\" class=\"attachment-full\" alt=\"\" title=\"3\" data-srcset=\"https:\/\/kbm.ly\/fr\/wp-content\/uploads\/2023\/12\/3-2.png 512w, https:\/\/kbm.ly\/fr\/wp-content\/uploads\/2023\/12\/3-2-300x300.png 300w, https:\/\/kbm.ly\/fr\/wp-content\/uploads\/2023\/12\/3-2-150x150.png 150w\" data-sizes=\"(max-width: 512px) 100vw, 512px\" \/><\/div><div class=\"cz_hover_image\"><img decoding=\"async\" width=\"512\" height=\"512\" src=\"data:image\/svg+xml,%3Csvg%20xmlns%3D&#39;http%3A%2F%2Fwww.w3.org%2F2000%2Fsvg&#39;%20width=&#39;512&#39;%20height=&#39;512&#39;%20viewBox%3D&#39;0%200%20512%20512&#39;%2F%3E\" data-czlz data-src=\"https:\/\/kbm.ly\/fr\/wp-content\/uploads\/2023\/12\/3-2.png\" class=\"attachment-full\" alt=\"\" title=\"3\" data-srcset=\"https:\/\/kbm.ly\/fr\/wp-content\/uploads\/2023\/12\/3-2.png 512w, https:\/\/kbm.ly\/fr\/wp-content\/uploads\/2023\/12\/3-2-300x300.png 300w, https:\/\/kbm.ly\/fr\/wp-content\/uploads\/2023\/12\/3-2-150x150.png 150w\" data-sizes=\"(max-width: 512px) 100vw, 512px\" \/><\/div><\/div><\/div><\/div><div class=\"cz_gap show_on_mobile clr\" style=\"height: 40px\"><\/div><div id=\"cz_16183\" class=\"cz_16183 cz_title clr cz_title_pos_inline\"><div class=\"cz_title_content\"><div class=\"cz_wpe_content\"><h1>Investissement immobilier<\/h1>\n<\/div><\/div><\/div><div id=\"cz_30581\" class=\"cz_30581 cz_title clr cz_title_pos_inline\"><div class=\"cz_title_content\"><div class=\"cz_wpe_content\"><p>Le groupe a cr\u00e9\u00e9 une soci\u00e9t\u00e9 sp\u00e9cialis\u00e9e dans l&#8217;investissement immobilier pour fournir les meilleurs b\u00e2timents r\u00e9sidentiels et commerciaux sous la marque \u00ab Al-Burj Real Estate Investment Company \u00bb. Ceci est accompli gr\u00e2ce \u00e0 la construction, \u00e0 la finition et \u00e0 la commercialisation de b\u00e2timents et d&#8217;appartements r\u00e9pondant aux sp\u00e9cifications les plus \u00e9lev\u00e9es et conform\u00e9ment aux exigences du march\u00e9 local.<\/p>\n<\/div><\/div><\/div><div class=\"cz_gap clr \" style=\"height: 50px\"><\/div>[\/vc_column][vc_column]<div class=\"cz_gap clr \" style=\"height: 80px\"><\/div>[\/vc_column][\/vc_row][vc_row full_width=&#8221;stretch_row&#8221; css=&#8221;.vc_custom_1679913848480{background-color: #f4f4f4 !important;}&#8221;][vc_column]<div class=\"cz_gap clr \" style=\"height: 80px\"><\/div>[\/vc_column][vc_column width=&#8221;1\/2&#8243;]<div id=\"cz_97317\" class=\"cz_97317 cz_image clr cz_image_flip_h hide_on_desktop hide_on_tablet show_on_mobile\"><div class=\"\" ><div class=\"cz_image_in\"><div class=\"cz_main_image\"><img decoding=\"async\" width=\"512\" height=\"512\" src=\"data:image\/svg+xml,%3Csvg%20xmlns%3D&#39;http%3A%2F%2Fwww.w3.org%2F2000%2Fsvg&#39;%20width=&#39;512&#39;%20height=&#39;512&#39;%20viewBox%3D&#39;0%200%20512%20512&#39;%2F%3E\" data-czlz data-src=\"https:\/\/kbm.ly\/fr\/wp-content\/uploads\/2023\/12\/4-2.png\" class=\"attachment-full\" alt=\"\" title=\"4\" data-srcset=\"https:\/\/kbm.ly\/fr\/wp-content\/uploads\/2023\/12\/4-2.png 512w, https:\/\/kbm.ly\/fr\/wp-content\/uploads\/2023\/12\/4-2-300x300.png 300w, https:\/\/kbm.ly\/fr\/wp-content\/uploads\/2023\/12\/4-2-150x150.png 150w\" data-sizes=\"(max-width: 512px) 100vw, 512px\" \/><\/div><div class=\"cz_hover_image\"><img decoding=\"async\" width=\"512\" height=\"512\" src=\"data:image\/svg+xml,%3Csvg%20xmlns%3D&#39;http%3A%2F%2Fwww.w3.org%2F2000%2Fsvg&#39;%20width=&#39;512&#39;%20height=&#39;512&#39;%20viewBox%3D&#39;0%200%20512%20512&#39;%2F%3E\" data-czlz data-src=\"https:\/\/kbm.ly\/fr\/wp-content\/uploads\/2023\/12\/4-2.png\" class=\"attachment-full\" alt=\"\" title=\"4\" data-srcset=\"https:\/\/kbm.ly\/fr\/wp-content\/uploads\/2023\/12\/4-2.png 512w, https:\/\/kbm.ly\/fr\/wp-content\/uploads\/2023\/12\/4-2-300x300.png 300w, https:\/\/kbm.ly\/fr\/wp-content\/uploads\/2023\/12\/4-2-150x150.png 150w\" data-sizes=\"(max-width: 512px) 100vw, 512px\" \/><\/div><\/div><\/div><\/div><div class=\"cz_gap show_on_mobile clr\" style=\"height: 40px\"><\/div><div id=\"cz_73262\" class=\"cz_73262 cz_title clr cz_title_pos_inline\"><div class=\"cz_title_content\"><div class=\"cz_wpe_content\"><h1>Mat\u00e9riaux de construction<\/h1>\n<\/div><\/div><\/div><div id=\"cz_48818\" class=\"cz_48818 cz_title clr cz_title_pos_inline\"><div class=\"cz_title_content\"><div class=\"cz_wpe_content\"><p>Le groupe ALKHALEEJ investit dans la vente et l&#8217;importation de mat\u00e9riaux de construction, en important du ciment, du gypse, du ciment blanc, du clinker, des mat\u00e9riaux isolants et divers mat\u00e9riaux de construction de base de la plus haute qualit\u00e9. Par cons\u00e9quent, elle est l&#8217;une des principales entreprises fabriquant des mat\u00e9riaux de construction de la meilleure qualit\u00e9 sur le territoire libyen, \u00e0 travers sa propre usine de fabrication de ciment en vrac et en sac, &#8220;Zliten Cement Company&#8221;.<\/p>\n<\/div><\/div><\/div><div class=\"cz_gap clr \" style=\"height: 50px\"><\/div>[\/vc_column][vc_column width=&#8221;1\/2&#8243;]<div id=\"cz_73841\" class=\"cz_73841 cz_image clr cz_image_flip_h center_on_mobile hide_on_mobile\"><div class=\"\" ><div class=\"cz_image_in\"><div class=\"cz_main_image\"><img decoding=\"async\" width=\"512\" height=\"512\" src=\"data:image\/svg+xml,%3Csvg%20xmlns%3D&#39;http%3A%2F%2Fwww.w3.org%2F2000%2Fsvg&#39;%20width=&#39;512&#39;%20height=&#39;512&#39;%20viewBox%3D&#39;0%200%20512%20512&#39;%2F%3E\" data-czlz data-src=\"https:\/\/kbm.ly\/fr\/wp-content\/uploads\/2023\/12\/4-2.png\" class=\"attachment-full\" alt=\"\" title=\"4\" data-srcset=\"https:\/\/kbm.ly\/fr\/wp-content\/uploads\/2023\/12\/4-2.png 512w, https:\/\/kbm.ly\/fr\/wp-content\/uploads\/2023\/12\/4-2-300x300.png 300w, https:\/\/kbm.ly\/fr\/wp-content\/uploads\/2023\/12\/4-2-150x150.png 150w\" data-sizes=\"(max-width: 512px) 100vw, 512px\" \/><\/div><div class=\"cz_hover_image\"><img decoding=\"async\" width=\"512\" height=\"512\" src=\"data:image\/svg+xml,%3Csvg%20xmlns%3D&#39;http%3A%2F%2Fwww.w3.org%2F2000%2Fsvg&#39;%20width=&#39;512&#39;%20height=&#39;512&#39;%20viewBox%3D&#39;0%200%20512%20512&#39;%2F%3E\" data-czlz data-src=\"https:\/\/kbm.ly\/fr\/wp-content\/uploads\/2023\/12\/4-2.png\" class=\"attachment-full\" alt=\"\" title=\"4\" data-srcset=\"https:\/\/kbm.ly\/fr\/wp-content\/uploads\/2023\/12\/4-2.png 512w, https:\/\/kbm.ly\/fr\/wp-content\/uploads\/2023\/12\/4-2-300x300.png 300w, https:\/\/kbm.ly\/fr\/wp-content\/uploads\/2023\/12\/4-2-150x150.png 150w\" data-sizes=\"(max-width: 512px) 100vw, 512px\" \/><\/div><\/div><\/div><\/div>[\/vc_column][vc_column]<div class=\"cz_gap clr \" style=\"height: 80px\"><\/div>[\/vc_column][\/vc_row][vc_row full_width=&#8221;stretch_row&#8221;][vc_column]<div class=\"cz_gap clr \" style=\"height: 80px\"><\/div>[\/vc_column][vc_column width=&#8221;1\/2&#8243;]<div id=\"cz_27302\" class=\"cz_27302 cz_image clr cz_image_flip_h center_on_mobile hide_on_mobile\"><div class=\"\" ><div class=\"cz_image_in\"><div class=\"cz_main_image\"><img decoding=\"async\" width=\"512\" height=\"512\" src=\"data:image\/svg+xml,%3Csvg%20xmlns%3D&#39;http%3A%2F%2Fwww.w3.org%2F2000%2Fsvg&#39;%20width=&#39;512&#39;%20height=&#39;512&#39;%20viewBox%3D&#39;0%200%20512%20512&#39;%2F%3E\" data-czlz data-src=\"https:\/\/kbm.ly\/fr\/wp-content\/uploads\/2023\/12\/5-2.png\" class=\"attachment-full\" alt=\"\" title=\"5\" data-srcset=\"https:\/\/kbm.ly\/fr\/wp-content\/uploads\/2023\/12\/5-2.png 512w, https:\/\/kbm.ly\/fr\/wp-content\/uploads\/2023\/12\/5-2-300x300.png 300w, https:\/\/kbm.ly\/fr\/wp-content\/uploads\/2023\/12\/5-2-150x150.png 150w\" data-sizes=\"(max-width: 512px) 100vw, 512px\" \/><\/div><div class=\"cz_hover_image\"><img decoding=\"async\" width=\"512\" height=\"512\" src=\"data:image\/svg+xml,%3Csvg%20xmlns%3D&#39;http%3A%2F%2Fwww.w3.org%2F2000%2Fsvg&#39;%20width=&#39;512&#39;%20height=&#39;512&#39;%20viewBox%3D&#39;0%200%20512%20512&#39;%2F%3E\" data-czlz data-src=\"https:\/\/kbm.ly\/fr\/wp-content\/uploads\/2023\/12\/5-2.png\" class=\"attachment-full\" alt=\"\" title=\"5\" data-srcset=\"https:\/\/kbm.ly\/fr\/wp-content\/uploads\/2023\/12\/5-2.png 512w, https:\/\/kbm.ly\/fr\/wp-content\/uploads\/2023\/12\/5-2-300x300.png 300w, https:\/\/kbm.ly\/fr\/wp-content\/uploads\/2023\/12\/5-2-150x150.png 150w\" data-sizes=\"(max-width: 512px) 100vw, 512px\" \/><\/div><\/div><\/div><\/div>[\/vc_column][vc_column width=&#8221;1\/2&#8243;]<div id=\"cz_104707\" class=\"cz_104707 cz_image clr cz_image_flip_h hide_on_desktop hide_on_tablet show_on_mobile\"><div class=\"\" ><div class=\"cz_image_in\"><div class=\"cz_main_image\"><img decoding=\"async\" width=\"512\" height=\"512\" src=\"data:image\/svg+xml,%3Csvg%20xmlns%3D&#39;http%3A%2F%2Fwww.w3.org%2F2000%2Fsvg&#39;%20width=&#39;512&#39;%20height=&#39;512&#39;%20viewBox%3D&#39;0%200%20512%20512&#39;%2F%3E\" data-czlz data-src=\"https:\/\/kbm.ly\/fr\/wp-content\/uploads\/2023\/12\/5-2.png\" class=\"attachment-full\" alt=\"\" title=\"5\" data-srcset=\"https:\/\/kbm.ly\/fr\/wp-content\/uploads\/2023\/12\/5-2.png 512w, https:\/\/kbm.ly\/fr\/wp-content\/uploads\/2023\/12\/5-2-300x300.png 300w, https:\/\/kbm.ly\/fr\/wp-content\/uploads\/2023\/12\/5-2-150x150.png 150w\" data-sizes=\"(max-width: 512px) 100vw, 512px\" \/><\/div><div class=\"cz_hover_image\"><img decoding=\"async\" width=\"512\" height=\"512\" src=\"data:image\/svg+xml,%3Csvg%20xmlns%3D&#39;http%3A%2F%2Fwww.w3.org%2F2000%2Fsvg&#39;%20width=&#39;512&#39;%20height=&#39;512&#39;%20viewBox%3D&#39;0%200%20512%20512&#39;%2F%3E\" data-czlz data-src=\"https:\/\/kbm.ly\/fr\/wp-content\/uploads\/2023\/12\/5-2.png\" class=\"attachment-full\" alt=\"\" title=\"5\" data-srcset=\"https:\/\/kbm.ly\/fr\/wp-content\/uploads\/2023\/12\/5-2.png 512w, https:\/\/kbm.ly\/fr\/wp-content\/uploads\/2023\/12\/5-2-300x300.png 300w, https:\/\/kbm.ly\/fr\/wp-content\/uploads\/2023\/12\/5-2-150x150.png 150w\" data-sizes=\"(max-width: 512px) 100vw, 512px\" \/><\/div><\/div><\/div><\/div><div class=\"cz_gap show_on_mobile clr\" style=\"height: 40px\"><\/div><div id=\"cz_72523\" class=\"cz_72523 cz_title clr cz_title_pos_inline\"><div class=\"cz_title_content\"><div class=\"cz_wpe_content\"><h1>Meubles et cuisine<\/h1>\n<\/div><\/div><\/div><div id=\"cz_14163\" class=\"cz_14163 cz_title clr cz_title_pos_inline\"><div class=\"cz_title_content\"><div class=\"cz_wpe_content\"><p>Le groupe poss\u00e8de une usine sp\u00e9cialis\u00e9e dans la fabrication de cuisines et de meubles, ainsi que dans l&#8217;\u00e9quipement de b\u00e2timents r\u00e9sidentiels et commerciaux sous la marque \u00ab Diamond Turkish Kitchen, Furniture and Corian Marble Factory \u00bb. L&#8217;usine emploie les meilleurs designers, ing\u00e9nieurs et fabricants pour pr\u00e9parer tous types de meubles et de d\u00e9corations en bois, en plus des bureaux et des b\u00e2timents commerciaux.<\/p>\n<\/div><\/div><\/div><div class=\"cz_gap clr \" style=\"height: 50px\"><\/div>[\/vc_column][vc_column]<div class=\"cz_gap clr \" style=\"height: 80px\"><\/div>[\/vc_column][\/vc_row]<\/p>\n<\/div>","protected":false},"excerpt":{"rendered":"<p>[vc_row full_width=&#8221;stretch_row&#8221; css=&#8221;.vc_custom_1703939230155{background-image: url(https:\/\/kbm.ly\/fr\/wp-content\/uploads\/2023\/02\/123.jpg?id=1890) !important;background-position: center !important;background-repeat: no-repeat !important;background-size: cover !important;border-radius: &#8230; <\/p>\n","protected":false},"author":1,"featured_media":0,"parent":0,"menu_order":0,"comment_status":"closed","ping_status":"closed","template":"","meta":{"footnotes":""},"class_list":["post-2124","page","type-page","status-publish","hentry"],"_links":{"self":[{"href":"https:\/\/kbm.ly\/fr\/wp-json\/wp\/v2\/pages\/2124","targetHints":{"allow":["GET"]}}],"collection":[{"href":"https:\/\/kbm.ly\/fr\/wp-json\/wp\/v2\/pages"}],"about":[{"href":"https:\/\/kbm.ly\/fr\/wp-json\/wp\/v2\/types\/page"}],"author":[{"embeddable":true,"href":"https:\/\/kbm.ly\/fr\/wp-json\/wp\/v2\/users\/1"}],"replies":[{"embeddable":true,"href":"https:\/\/kbm.ly\/fr\/wp-json\/wp\/v2\/comments?post=2124"}],"version-history":[{"count":11,"href":"https:\/\/kbm.ly\/fr\/wp-json\/wp\/v2\/pages\/2124\/revisions"}],"predecessor-version":[{"id":2456,"href":"https:\/\/kbm.ly\/fr\/wp-json\/wp\/v2\/pages\/2124\/revisions\/2456"}],"wp:attachment":[{"href":"https:\/\/kbm.ly\/fr\/wp-json\/wp\/v2\/media?parent=2124"}],"curies":[{"name":"wp","href":"https:\/\/api.w.org\/{rel}","templated":true}]}}